{"id":1910,"date":"2024-10-03T15:07:23","date_gmt":"2024-10-03T15:07:23","guid":{"rendered":"https:\/\/neuronthemes.com\/kanik\/?page_id=1910"},"modified":"2025-06-09T09:09:40","modified_gmt":"2025-06-09T09:09:40","slug":"contatti","status":"publish","type":"page","link":"https:\/\/www.bropin.it\/fr\/contatti\/","title":{"rendered":"Contact"},"content":{"rendered":"<div data-elementor-type=\"wp-page\" data-elementor-id=\"1910\" class=\"elementor elementor-1910\" data-elementor-post-type=\"page\">\n\t\t\t\t<div class=\"elementor-element elementor-element-02a998f e-con-full n-kanik-container--wide e-flex e-con e-parent\" data-id=\"02a998f\" data-element_type=\"container\">\n\t\t<div class=\"elementor-element elementor-element-bbd3110 e-con-full e-flex e-con e-child\" data-id=\"bbd3110\" data-element_type=\"container\">\n\t\t<div class=\"elementor-element elementor-element-534a130 e-con-full e-flex e-con e-child\" data-id=\"534a130\" data-element_type=\"container\">\n\t\t\t\t<div class=\"elementor-element elementor-element-d61e01d elementor-widget elementor-widget-neuron-breadcrumbs\" data-id=\"d61e01d\" data-element_type=\"widget\" data-widget_type=\"neuron-breadcrumbs.default\">\n\t\t\t\t<div class=\"elementor-widget-container\">\n\t\t\t\t\t\r\n\t\t\t<div class=\"m-neuron-breadcrumbs\" aria-label=\"Vous \u00eates ici :\">\r\n\t\t\t\t<span class=\"m-neuron-breadcrumbs__item\"><a href=\"https:\/\/neuronthemes.com\/kanik\/\">Accueil<\/a><\/span> <span class=\"m-neuron-breadcrumbs__separator\"> <\/span> <span class=\"m-neuron-breadcrumbs__item\" aria-current=\"page\">Contact<\/span>\t\t\t<\/div>\r\n\r\n\t\t   \t\t\t\t<\/div>\n\t\t\t\t<\/div>\n\t\t\t\t<div class=\"elementor-element elementor-element-8a1ed67 elementor-widget elementor-widget-heading\" data-id=\"8a1ed67\" data-element_type=\"widget\" data-widget_type=\"heading.default\">\n\t\t\t\t<div class=\"elementor-widget-container\">\n\t\t\t\t\t<h2 class=\"elementor-heading-title elementor-size-default\">Entrer <span>Toucher<\/span><\/h2>\t\t\t\t<\/div>\n\t\t\t\t<\/div>\n\t\t\t\t<div class=\"elementor-element elementor-element-7166bf3 elementor-widget elementor-widget-heading\" data-id=\"7166bf3\" data-element_type=\"widget\" data-widget_type=\"heading.default\">\n\t\t\t\t<div class=\"elementor-widget-container\">\n\t\t\t\t\t<h6 class=\"elementor-heading-title elementor-size-default\">Quelle que soit l'ampleur ou l'audace de votre d\u00e9fi, contactez-nous et d\u00e9couvrez comment nous pouvons r\u00e9aliser quelque chose d'extraordinaire ensemble !<\/h6>\t\t\t\t<\/div>\n\t\t\t\t<\/div>\n\t\t\t\t<\/div>\n\t\t\t\t<div class=\"elementor-element elementor-element-009fdfa elementor-widget elementor-widget-neuron-form\" data-id=\"009fdfa\" data-element_type=\"widget\" data-widget_type=\"neuron-form.default\">\n\t\t\t\t<div class=\"elementor-widget-container\">\n\t\t\t\t\t\t\t<form class=\"m-neuron-form\" method=\"post\" name=\"New Form\" action=\"\">\r\n\t\t\t<input type=\"hidden\" name=\"post_id\" value=\"1910\"\/>\r\n\t\t\t<input type=\"hidden\" name=\"form_id\" value=\"009fdfa\"\/>\r\n\r\n\t\t\t\t\t\t<div class=\"m-neuron-form__field-group--text m-neuron-form__field-group elementor-repeater-item-110ccfa\">\r\n\t\t\t\t<label for=\"form-field-name\" class=\"m-neuron-form__label\">Nom et pr\u00e9nom<\/label><input size=\"1\" type=\"text\" name=\"form_fields[name]\" id=\"form-field-name\" class=\"m-neuron-form__field h-neuron-size-sm  m-neuron-form__input\" placeholder=\"Nom et pr\u00e9nom\">\t\t\t<\/div>\r\n\t\t\t\t\t\t<div class=\"m-neuron-form__field-group--text m-neuron-form__field-group elementor-repeater-item-346de8c\">\r\n\t\t\t\t<label for=\"form-field-surname\" class=\"m-neuron-form__label\">Courriel<\/label><input size=\"1\" type=\"text\" name=\"form_fields[surname]\" id=\"form-field-surname\" class=\"m-neuron-form__field h-neuron-size-sm  m-neuron-form__input\" placeholder=\"you@example.com\">\t\t\t<\/div>\r\n\t\t\t\t\t\t<div class=\"m-neuron-form__field-group--textarea m-neuron-form__field-group elementor-repeater-item-29f5410\">\r\n\t\t\t\t<label for=\"form-field-message\" class=\"m-neuron-form__label\">Message<\/label><textarea class=\"m-neuron-form__field  h-neuron-size-sm\" name=\"form_fields[message]\" id=\"form-field-message\" rows=\"4\" placeholder=\"Message\"><\/textarea>\t\t\t<\/div>\r\n\t\t\t\t\t\t<div class=\"m-neuron-form__field-group--acceptance m-neuron-form__field-group elementor-repeater-item-955ec3f\">\r\n\t\t\t\t<label for=\"form-field-field_955ec3f\" class=\"m-neuron-form__label\">J'accepte le traitement des donn\u00e9es <\/label><div class=\"m-neuron-form__subgroup\"><span class=\"elementor-field-option\"><input type=\"checkbox\" name=\"form_fields[field_955ec3f]\" id=\"form-field-field_955ec3f\" class=\"m-neuron-form__field h-neuron-size-sm  m-neuron-form__label elementor-acceptance-field\"> <\/span><\/div>\t\t\t<\/div>\r\n\t\t\t\t\t\t<div class=\"m-neuron-form__field-group m-neuron-form__button\">\r\n\t\t\t\t<button type=\"submit\" class=\"m-neuron-form__submit-button a-neuron-button h-neuron-size--sm\">\r\n\t\t\t\t\t<span >\r\n\t\t\t\t\t\t\t\t\t\t\t\t\t<span class=\"m-neuron-form__button-icon\">\r\n\t\t\t\t\t\t\t\t\t\t\t\t\t\t\t\t\t\t\t\t\t\t\t<\/span>\r\n\t\t\t\t\t\t\t\t\t\t\t\t\t\t\t\t\t\t\t<span class=\"m-neuron-form__button-text\">Envoi<\/span>\r\n\t\t\t\t\t\t\t\t\t\t\t<\/span>\r\n\t\t\t\t<\/button>\r\n\t\t\t<\/div>\r\n\t\t<input type=\"hidden\" name=\"trp-form-language\" value=\"fr\"\/><\/form>\r\n\t\t\t\t\t\t<\/div>\n\t\t\t\t<\/div>\n\t\t\t\t<\/div>\n\t\t<div class=\"elementor-element elementor-element-a8dc782 e-con-full e-flex e-con e-child\" data-id=\"a8dc782\" data-element_type=\"container\">\n\t\t\t\t<div class=\"elementor-element elementor-element-9868e4c elementor-widget elementor-widget-google_maps\" data-id=\"9868e4c\" data-element_type=\"widget\" data-widget_type=\"google_maps.default\">\n\t\t\t\t<div class=\"elementor-widget-container\">\n\t\t\t\t\t\t\t<div class=\"elementor-custom-embed\">\n\t\t\t<iframe loading=\"lazy\"\n\t\t\t\t\tsrc=\"https:\/\/maps.google.com\/maps?q=Via%20Luigi%20Galvani%2038%2F40%2052100%20Arezzo%20%28AR%29&#038;t=m&#038;z=13&#038;output=embed&#038;iwloc=near\"\n\t\t\t\t\ttitle=\"Via Luigi Galvani 38\/40 52100 Arezzo (AR)\"\n\t\t\t\t\taria-label=\"Via Luigi Galvani 38\/40 52100 Arezzo (AR)\"\n\t\t\t><\/iframe>\n\t\t<\/div>\n\t\t\t\t\t\t<\/div>\n\t\t\t\t<\/div>\n\t\t\t\t<\/div>\n\t\t\t\t<\/div>\n\t\t\t\t<\/div>","protected":false},"excerpt":{"rendered":"<p>Home Contatti Get in Touch Non importa quanto grande o audace sia la tua sfida: contattaci e scopri come possiamo realizzare insieme qualcosa di straordinario!<\/p>","protected":false},"author":1,"featured_media":0,"parent":0,"menu_order":0,"comment_status":"closed","ping_status":"closed","template":"","meta":{"footnotes":""},"class_list":["post-1910","page","type-page","status-publish","hentry"],"yoast_head":"<!-- This site is optimized with the Yoast SEO plugin v25.3 - https:\/\/yoast.com\/wordpress\/plugins\/seo\/ -->\n<title>Contatti - Bropin<\/title>\n<meta name=\"robots\" content=\"index, follow, max-snippet:-1, max-image-preview:large, max-video-preview:-1\" \/>\n<link rel=\"canonical\" href=\"https:\/\/www.bropin.it\/fr\/contatti\/\" \/>\n<meta property=\"og:locale\" content=\"fr_FR\" \/>\n<meta property=\"og:type\" content=\"article\" \/>\n<meta property=\"og:title\" content=\"Contatti - Bropin\" \/>\n<meta property=\"og:description\" content=\"Home Contatti Get in Touch Non importa quanto grande o audace sia la tua sfida: contattaci e scopri come possiamo realizzare insieme qualcosa di straordinario!\" \/>\n<meta property=\"og:url\" content=\"https:\/\/www.bropin.it\/fr\/contatti\/\" \/>\n<meta property=\"og:site_name\" content=\"Bropin\" \/>\n<meta property=\"article:modified_time\" content=\"2025-06-09T09:09:40+00:00\" \/>\n<meta name=\"twitter:card\" content=\"summary_large_image\" \/>\n<script type=\"application\/ld+json\" class=\"yoast-schema-graph\">{\"@context\":\"https:\/\/schema.org\",\"@graph\":[{\"@type\":\"WebPage\",\"@id\":\"https:\/\/www.bropin.it\/contatti\/\",\"url\":\"https:\/\/www.bropin.it\/contatti\/\",\"name\":\"Contatti - Bropin\",\"isPartOf\":{\"@id\":\"https:\/\/www.bropin.it\/#website\"},\"datePublished\":\"2024-10-03T15:07:23+00:00\",\"dateModified\":\"2025-06-09T09:09:40+00:00\",\"breadcrumb\":{\"@id\":\"https:\/\/www.bropin.it\/contatti\/#breadcrumb\"},\"inLanguage\":\"fr-FR\",\"potentialAction\":[{\"@type\":\"ReadAction\",\"target\":[\"https:\/\/www.bropin.it\/contatti\/\"]}]},{\"@type\":\"BreadcrumbList\",\"@id\":\"https:\/\/www.bropin.it\/contatti\/#breadcrumb\",\"itemListElement\":[{\"@type\":\"ListItem\",\"position\":1,\"name\":\"Home\",\"item\":\"https:\/\/www.bropin.it\/\"},{\"@type\":\"ListItem\",\"position\":2,\"name\":\"Contatti\"}]},{\"@type\":\"WebSite\",\"@id\":\"https:\/\/www.bropin.it\/#website\",\"url\":\"https:\/\/www.bropin.it\/\",\"name\":\"Bropin\",\"description\":\"\",\"publisher\":{\"@id\":\"https:\/\/www.bropin.it\/#organization\"},\"potentialAction\":[{\"@type\":\"SearchAction\",\"target\":{\"@type\":\"EntryPoint\",\"urlTemplate\":\"https:\/\/www.bropin.it\/?s={search_term_string}\"},\"query-input\":{\"@type\":\"PropertyValueSpecification\",\"valueRequired\":true,\"valueName\":\"search_term_string\"}}],\"inLanguage\":\"fr-FR\"},{\"@type\":\"Organization\",\"@id\":\"https:\/\/www.bropin.it\/#organization\",\"name\":\"Bropin\",\"url\":\"https:\/\/www.bropin.it\/\",\"logo\":{\"@type\":\"ImageObject\",\"inLanguage\":\"fr-FR\",\"@id\":\"https:\/\/www.bropin.it\/#\/schema\/logo\/image\/\",\"url\":\"https:\/\/www.bropin.it\/wp-content\/uploads\/2025\/04\/favicon-bropin.jpg\",\"contentUrl\":\"https:\/\/www.bropin.it\/wp-content\/uploads\/2025\/04\/favicon-bropin.jpg\",\"width\":1200,\"height\":1200,\"caption\":\"Bropin\"},\"image\":{\"@id\":\"https:\/\/www.bropin.it\/#\/schema\/logo\/image\/\"}}]}<\/script>\n<!-- \/ Yoast SEO plugin. -->","yoast_head_json":{"title":"Contatti - Bropin","robots":{"index":"index","follow":"follow","max-snippet":"max-snippet:-1","max-image-preview":"max-image-preview:large","max-video-preview":"max-video-preview:-1"},"canonical":"https:\/\/www.bropin.it\/fr\/contatti\/","og_locale":"fr_FR","og_type":"article","og_title":"Contatti - Bropin","og_description":"Home Contatti Get in Touch Non importa quanto grande o audace sia la tua sfida: contattaci e scopri come possiamo realizzare insieme qualcosa di straordinario!","og_url":"https:\/\/www.bropin.it\/fr\/contatti\/","og_site_name":"Bropin","article_modified_time":"2025-06-09T09:09:40+00:00","twitter_card":"summary_large_image","schema":{"@context":"https:\/\/schema.org","@graph":[{"@type":"WebPage","@id":"https:\/\/www.bropin.it\/contatti\/","url":"https:\/\/www.bropin.it\/contatti\/","name":"Contatti - Bropin","isPartOf":{"@id":"https:\/\/www.bropin.it\/#website"},"datePublished":"2024-10-03T15:07:23+00:00","dateModified":"2025-06-09T09:09:40+00:00","breadcrumb":{"@id":"https:\/\/www.bropin.it\/contatti\/#breadcrumb"},"inLanguage":"fr-FR","potentialAction":[{"@type":"ReadAction","target":["https:\/\/www.bropin.it\/contatti\/"]}]},{"@type":"BreadcrumbList","@id":"https:\/\/www.bropin.it\/contatti\/#breadcrumb","itemListElement":[{"@type":"ListItem","position":1,"name":"Home","item":"https:\/\/www.bropin.it\/"},{"@type":"ListItem","position":2,"name":"Contatti"}]},{"@type":"WebSite","@id":"https:\/\/www.bropin.it\/#website","url":"https:\/\/www.bropin.it\/","name":"Bropin","description":"","publisher":{"@id":"https:\/\/www.bropin.it\/#organization"},"potentialAction":[{"@type":"SearchAction","target":{"@type":"EntryPoint","urlTemplate":"https:\/\/www.bropin.it\/?s={search_term_string}"},"query-input":{"@type":"PropertyValueSpecification","valueRequired":true,"valueName":"search_term_string"}}],"inLanguage":"fr-FR"},{"@type":"Organization","@id":"https:\/\/www.bropin.it\/#organization","name":"Bropin","url":"https:\/\/www.bropin.it\/","logo":{"@type":"ImageObject","inLanguage":"fr-FR","@id":"https:\/\/www.bropin.it\/#\/schema\/logo\/image\/","url":"https:\/\/www.bropin.it\/wp-content\/uploads\/2025\/04\/favicon-bropin.jpg","contentUrl":"https:\/\/www.bropin.it\/wp-content\/uploads\/2025\/04\/favicon-bropin.jpg","width":1200,"height":1200,"caption":"Bropin"},"image":{"@id":"https:\/\/www.bropin.it\/#\/schema\/logo\/image\/"}}]}},"_links":{"self":[{"href":"https:\/\/www.bropin.it\/fr\/wp-json\/wp\/v2\/pages\/1910","targetHints":{"allow":["GET"]}}],"collection":[{"href":"https:\/\/www.bropin.it\/fr\/wp-json\/wp\/v2\/pages"}],"about":[{"href":"https:\/\/www.bropin.it\/fr\/wp-json\/wp\/v2\/types\/page"}],"author":[{"embeddable":true,"href":"https:\/\/www.bropin.it\/fr\/wp-json\/wp\/v2\/users\/1"}],"replies":[{"embeddable":true,"href":"https:\/\/www.bropin.it\/fr\/wp-json\/wp\/v2\/comments?post=1910"}],"version-history":[{"count":26,"href":"https:\/\/www.bropin.it\/fr\/wp-json\/wp\/v2\/pages\/1910\/revisions"}],"predecessor-version":[{"id":8408,"href":"https:\/\/www.bropin.it\/fr\/wp-json\/wp\/v2\/pages\/1910\/revisions\/8408"}],"wp:attachment":[{"href":"https:\/\/www.bropin.it\/fr\/wp-json\/wp\/v2\/media?parent=1910"}],"curies":[{"name":"wp","href":"https:\/\/api.w.org\/{rel}","templated":true}]}}